{"id":8,"date":"2020-06-03T00:34:14","date_gmt":"2020-06-02T22:34:14","guid":{"rendered":"http:\/\/nico-la.art\/?page_id=8"},"modified":"2025-02-26T13:30:37","modified_gmt":"2025-02-26T12:30:37","slug":"accueil","status":"publish","type":"page","link":"https:\/\/nico-la.art\/","title":{"rendered":"Bienvenue"},"content":{"rendered":"\n<p>En reprenant mes crayons et pinceaux en 2017, j&rsquo;ai eu un coup de c\u0153ur pour le fusain et ce noir d&rsquo;o\u00f9 ressort douceur et lumi\u00e8re&#8230;<\/p>\n\n\n\n<p>D\u00e9couvrez sur ces pages, mes dessins r\u00e9alis\u00e9s au fusain et l&rsquo;actualit\u00e9 de mes expositions.<\/p>\n\n\n\n<p>Nicolas Pagnier, artiste bas\u00e9 \u00e0 Marseille. <\/p>\n\n\n\n<p>Laur\u00e9at du Prix du jury du salon Renk&rsquo;Art 2024 d&rsquo;Aix en Provence.<\/p>\n\n\n\n<p>Laur\u00e9at du 2e prix du jury du salon Renk&rsquo;Art 2022 d&rsquo;Aix en Provence.<\/p>\n","protected":false},"excerpt":{"rendered":"<p>En reprenant mes crayons et pinceaux en 2017, j&rsquo;ai eu un coup de c\u0153ur pour le fusain et ce noir d&rsquo;o\u00f9 ressort douceur et lumi\u00e8re&#8230; D\u00e9couvrez sur ces pages, mes dessins r\u00e9alis\u00e9s au fusain et l&rsquo;actualit\u00e9 de mes expositions. Nicolas Pagnier, artiste bas\u00e9 \u00e0 Marseille. Laur\u00e9at du Prix du jury du salon Renk&rsquo;Art 2024 d&rsquo;Aix &hellip; <\/p>\n<p class=\"link-more\"><a href=\"https:\/\/nico-la.art\/\" class=\"more-link\">Continuer la lecture<span class=\"screen-reader-text\"> de &laquo;&nbsp;Bienvenue&nbsp;&raquo;<\/span><\/a><\/p>\n","protected":false},"author":1,"featured_media":0,"parent":0,"menu_order":0,"comment_status":"closed","ping_status":"closed","template":"","meta":{"_monsterinsights_skip_tracking":false,"_monsterinsights_sitenote_active":false,"_monsterinsights_sitenote_note":"","_monsterinsights_sitenote_category":0,"footnotes":""},"class_list":["post-8","page","type-page","status-publish","hentry"],"_links":{"self":[{"href":"https:\/\/nico-la.art\/index.php\/wp-json\/wp\/v2\/pages\/8","targetHints":{"allow":["GET"]}}],"collection":[{"href":"https:\/\/nico-la.art\/index.php\/wp-json\/wp\/v2\/pages"}],"about":[{"href":"https:\/\/nico-la.art\/index.php\/wp-json\/wp\/v2\/types\/page"}],"author":[{"embeddable":true,"href":"https:\/\/nico-la.art\/index.php\/wp-json\/wp\/v2\/users\/1"}],"replies":[{"embeddable":true,"href":"https:\/\/nico-la.art\/index.php\/wp-json\/wp\/v2\/comments?post=8"}],"version-history":[{"count":12,"href":"https:\/\/nico-la.art\/index.php\/wp-json\/wp\/v2\/pages\/8\/revisions"}],"predecessor-version":[{"id":451,"href":"https:\/\/nico-la.art\/index.php\/wp-json\/wp\/v2\/pages\/8\/revisions\/451"}],"wp:attachment":[{"href":"https:\/\/nico-la.art\/index.php\/wp-json\/wp\/v2\/media?parent=8"}],"curies":[{"name":"wp","href":"https:\/\/api.w.org\/{rel}","templated":true}]}}